{"id":208,"date":"2021-01-17T11:02:12","date_gmt":"2021-01-17T10:02:12","guid":{"rendered":"https:\/\/osteopathe-lievin.fr\/?page_id=208"},"modified":"2021-01-17T11:13:06","modified_gmt":"2021-01-17T10:13:06","slug":"contact","status":"publish","type":"page","link":"https:\/\/osteopathe-lievin.fr\/?page_id=208","title":{"rendered":"Contact"},"content":{"rendered":"\t\t<div data-elementor-type=\"wp-page\" data-elementor-id=\"208\" class=\"elementor elementor-208\">\n\t\t\t\t\t\t<div class=\"elementor-inner\">\n\t\t\t\t<div class=\"elementor-section-wrap\">\n\t\t\t\t\t\t\t\t\t<section class=\"elementor-section elementor-top-section elementor-element elementor-element-4dac4499 elementor-section-full_width elementor-section-height-min-height elementor-section-stretched elementor-section-height-default elementor-section-items-middle\" data-id=\"4dac4499\" data-element_type=\"section\" data-settings=\"{&quot;stretch_section&quot;:&quot;section-stretched&quot;,&quot;background_background&quot;:&quot;classic&quot;,&quot;shape_divider_bottom&quot;:&quot;triangle&quot;,&quot;shape_divider_bottom_negative&quot;:&quot;yes&quot;}\">\n\t\t\t\t\t\t\t<div class=\"elementor-background-overlay\"><\/div>\n\t\t\t\t\t\t<div class=\"elementor-shape elementor-shape-bottom\" data-negative=\"true\">\n\t\t\t<svg xmlns=\"http:\/\/www.w3.org\/2000\/svg\" viewBox=\"0 0 1000 100\" preserveAspectRatio=\"none\">\n\t<path class=\"elementor-shape-fill\" d=\"M500.2,94.7L0,0v100h1000V0L500.2,94.7z\"\/>\n<\/svg>\t\t<\/div>\n\t\t\t\t\t<div class=\"elementor-container elementor-column-gap-default\">\n\t\t\t\t\t\t\t<div class=\"elementor-row\">\n\t\t\t\t\t<div class=\"elementor-column elementor-col-100 elementor-top-column elementor-element elementor-element-c0000a1\" data-id=\"c0000a1\" data-element_type=\"column\">\n\t\t\t<div class=\"elementor-column-wrap elementor-element-populated\">\n\t\t\t\t\t\t\t<div class=\"elementor-widget-wrap\">\n\t\t\t\t\t\t<div class=\"elementor-element elementor-element-611c1259 elementor-widget elementor-widget-heading\" data-id=\"611c1259\" data-element_type=\"widget\" data-widget_type=\"heading.default\">\n\t\t\t\t<div class=\"elementor-widget-container\">\n\t\t\t<h1 class=\"elementor-heading-title elementor-size-xxl\">Contact<\/h1>\t\t<\/div>\n\t\t\t\t<\/div>\n\t\t\t\t\t\t<\/div>\n\t\t\t\t\t<\/div>\n\t\t<\/div>\n\t\t\t\t\t\t\t\t<\/div>\n\t\t\t\t\t<\/div>\n\t\t<\/section>\n\t\t\t\t<section class=\"elementor-section elementor-top-section elementor-element elementor-element-39c2322 elementor-section-full_width elementor-section-height-default elementor-section-height-default\" data-id=\"39c2322\" data-element_type=\"section\" data-settings=\"{&quot;background_background&quot;:&quot;classic&quot;}\">\n\t\t\t\t\t\t<div class=\"elementor-container elementor-column-gap-extended\">\n\t\t\t\t\t\t\t<div class=\"elementor-row\">\n\t\t\t\t\t<div class=\"elementor-column elementor-col-33 elementor-top-column elementor-element elementor-element-3a48687\" data-id=\"3a48687\" data-element_type=\"column\" data-settings=\"{&quot;background_background&quot;:&quot;classic&quot;}\">\n\t\t\t<div class=\"elementor-column-wrap elementor-element-populated\">\n\t\t\t\t\t\t\t<div class=\"elementor-widget-wrap\">\n\t\t\t\t\t\t<div class=\"elementor-element elementor-element-626008c elementor-view-stacked elementor-shape-circle elementor-widget elementor-widget-icon\" data-id=\"626008c\" data-element_type=\"widget\" data-widget_type=\"icon.default\">\n\t\t\t\t<div class=\"elementor-widget-container\">\n\t\t\t\t\t<div class=\"elementor-icon-wrapper\">\n\t\t\t<div class=\"elementor-icon\">\n\t\t\t<i aria-hidden=\"true\" class=\"fas fa-phone-alt\"><\/i>\t\t\t<\/div>\n\t\t<\/div>\n\t\t\t\t<\/div>\n\t\t\t\t<\/div>\n\t\t\t\t<div class=\"elementor-element elementor-element-d2ec7d6 elementor-widget elementor-widget-heading\" data-id=\"d2ec7d6\" data-element_type=\"widget\" data-widget_type=\"heading.default\">\n\t\t\t\t<div class=\"elementor-widget-container\">\n\t\t\t<h2 class=\"elementor-heading-title elementor-size-default\">T\u00e9l\u00e9phone<\/h2>\t\t<\/div>\n\t\t\t\t<\/div>\n\t\t\t\t<div class=\"elementor-element elementor-element-0f189ca elementor-widget elementor-widget-text-editor\" data-id=\"0f189ca\" data-element_type=\"widget\" data-widget_type=\"text-editor.default\">\n\t\t\t\t<div class=\"elementor-widget-container\">\n\t\t\t\t\t\t\t\t<div class=\"elementor-text-editor elementor-clearfix\">\n\t\t\t\t<p>06 74 64 69 73<\/p>\t\t\t\t\t<\/div>\n\t\t\t\t\t\t<\/div>\n\t\t\t\t<\/div>\n\t\t\t\t\t\t<\/div>\n\t\t\t\t\t<\/div>\n\t\t<\/div>\n\t\t\t\t<div class=\"elementor-column elementor-col-33 elementor-top-column elementor-element elementor-element-b1feb3d\" data-id=\"b1feb3d\" data-element_type=\"column\" data-settings=\"{&quot;background_background&quot;:&quot;classic&quot;}\">\n\t\t\t<div class=\"elementor-column-wrap elementor-element-populated\">\n\t\t\t\t\t\t\t<div class=\"elementor-widget-wrap\">\n\t\t\t\t\t\t<div class=\"elementor-element elementor-element-c7adab5 elementor-view-stacked elementor-shape-circle elementor-widget elementor-widget-icon\" data-id=\"c7adab5\" data-element_type=\"widget\" data-widget_type=\"icon.default\">\n\t\t\t\t<div class=\"elementor-widget-container\">\n\t\t\t\t\t<div class=\"elementor-icon-wrapper\">\n\t\t\t<div class=\"elementor-icon\">\n\t\t\t<i aria-hidden=\"true\" class=\"fas fa-map-marker-alt\"><\/i>\t\t\t<\/div>\n\t\t<\/div>\n\t\t\t\t<\/div>\n\t\t\t\t<\/div>\n\t\t\t\t<div class=\"elementor-element elementor-element-d23be14 elementor-widget elementor-widget-heading\" data-id=\"d23be14\" data-element_type=\"widget\" data-widget_type=\"heading.default\">\n\t\t\t\t<div class=\"elementor-widget-container\">\n\t\t\t<h2 class=\"elementor-heading-title elementor-size-default\">Adresse<\/h2>\t\t<\/div>\n\t\t\t\t<\/div>\n\t\t\t\t<div class=\"elementor-element elementor-element-a1be4b6 elementor-widget elementor-widget-text-editor\" data-id=\"a1be4b6\" data-element_type=\"widget\" data-widget_type=\"text-editor.default\">\n\t\t\t\t<div class=\"elementor-widget-container\">\n\t\t\t\t\t\t\t\t<div class=\"elementor-text-editor elementor-clearfix\">\n\t\t\t\t30 Rue Faidherbe<\/br>\n62800 Li\u00e9vin\t\t\t\t\t<\/div>\n\t\t\t\t\t\t<\/div>\n\t\t\t\t<\/div>\n\t\t\t\t\t\t<\/div>\n\t\t\t\t\t<\/div>\n\t\t<\/div>\n\t\t\t\t<div class=\"elementor-column elementor-col-33 elementor-top-column elementor-element elementor-element-909695e\" data-id=\"909695e\" data-element_type=\"column\" data-settings=\"{&quot;background_background&quot;:&quot;classic&quot;}\">\n\t\t\t<div class=\"elementor-column-wrap elementor-element-populated\">\n\t\t\t\t\t\t\t<div class=\"elementor-widget-wrap\">\n\t\t\t\t\t\t<div class=\"elementor-element elementor-element-3ad9a00 elementor-view-stacked elementor-shape-circle elementor-widget elementor-widget-icon\" data-id=\"3ad9a00\" data-element_type=\"widget\" data-widget_type=\"icon.default\">\n\t\t\t\t<div class=\"elementor-widget-container\">\n\t\t\t\t\t<div class=\"elementor-icon-wrapper\">\n\t\t\t<div class=\"elementor-icon\">\n\t\t\t<i aria-hidden=\"true\" class=\"fas fa-envelope\"><\/i>\t\t\t<\/div>\n\t\t<\/div>\n\t\t\t\t<\/div>\n\t\t\t\t<\/div>\n\t\t\t\t<div class=\"elementor-element elementor-element-c2150ad elementor-widget elementor-widget-heading\" data-id=\"c2150ad\" data-element_type=\"widget\" data-widget_type=\"heading.default\">\n\t\t\t\t<div class=\"elementor-widget-container\">\n\t\t\t<h2 class=\"elementor-heading-title elementor-size-default\">E-mail<\/h2>\t\t<\/div>\n\t\t\t\t<\/div>\n\t\t\t\t<div class=\"elementor-element elementor-element-4414057 elementor-widget elementor-widget-text-editor\" data-id=\"4414057\" data-element_type=\"widget\" data-widget_type=\"text-editor.default\">\n\t\t\t\t<div class=\"elementor-widget-container\">\n\t\t\t\t\t\t\t\t<div class=\"elementor-text-editor elementor-clearfix\">\n\t\t\t\t<p>remi.amedro.osteo@gmail.com<\/p>\t\t\t\t\t<\/div>\n\t\t\t\t\t\t<\/div>\n\t\t\t\t<\/div>\n\t\t\t\t\t\t<\/div>\n\t\t\t\t\t<\/div>\n\t\t<\/div>\n\t\t\t\t\t\t\t\t<\/div>\n\t\t\t\t\t<\/div>\n\t\t<\/section>\n\t\t\t\t<section class=\"elementor-section elementor-top-section elementor-element elementor-element-61891ae elementor-section-boxed elementor-section-height-default elementor-section-height-default\" data-id=\"61891ae\" data-element_type=\"section\" data-settings=\"{&quot;shape_divider_bottom&quot;:&quot;pyramids&quot;}\">\n\t\t\t\t\t<div class=\"elementor-shape elementor-shape-bottom\" data-negative=\"false\">\n\t\t\t<svg xmlns=\"http:\/\/www.w3.org\/2000\/svg\" viewBox=\"0 0 1000 100\" preserveAspectRatio=\"none\">\n\t<path class=\"elementor-shape-fill\" d=\"M761.9,44.1L643.1,27.2L333.8,98L0,3.8V0l1000,0v3.9\"\/>\n<\/svg>\t\t<\/div>\n\t\t\t\t\t<div class=\"elementor-container elementor-column-gap-default\">\n\t\t\t\t\t\t\t<div class=\"elementor-row\">\n\t\t\t\t\t<div class=\"elementor-column elementor-col-100 elementor-top-column elementor-element elementor-element-3a13794\" data-id=\"3a13794\" data-element_type=\"column\">\n\t\t\t<div class=\"elementor-column-wrap\">\n\t\t\t\t\t\t\t<div class=\"elementor-widget-wrap\">\n\t\t\t\t\t\t\t\t<\/div>\n\t\t\t\t\t<\/div>\n\t\t<\/div>\n\t\t\t\t\t\t\t\t<\/div>\n\t\t\t\t\t<\/div>\n\t\t<\/section>\n\t\t\t\t<section class=\"elementor-section elementor-top-section elementor-element elementor-element-f723f64 elementor-section-boxed elementor-section-height-default elementor-section-height-default\" data-id=\"f723f64\" data-element_type=\"section\" data-settings=\"{&quot;background_background&quot;:&quot;classic&quot;}\">\n\t\t\t\t\t\t<div class=\"elementor-container elementor-column-gap-default\">\n\t\t\t\t\t\t\t<div class=\"elementor-row\">\n\t\t\t\t\t<div class=\"elementor-column elementor-col-100 elementor-top-column elementor-element elementor-element-8f1d2c4\" data-id=\"8f1d2c4\" data-element_type=\"column\">\n\t\t\t<div class=\"elementor-column-wrap elementor-element-populated\">\n\t\t\t\t\t\t\t<div class=\"elementor-widget-wrap\">\n\t\t\t\t\t\t<div class=\"elementor-element elementor-element-3cbd30a elementor-widget elementor-widget-heading\" data-id=\"3cbd30a\" data-element_type=\"widget\" data-widget_type=\"heading.default\">\n\t\t\t\t<div class=\"elementor-widget-container\">\n\t\t\t<h2 class=\"elementor-heading-title elementor-size-default\">Formulaire de contact<\/h2>\t\t<\/div>\n\t\t\t\t<\/div>\n\t\t\t\t<div class=\"elementor-element elementor-element-965d287 elementor-view-default elementor-widget elementor-widget-icon\" data-id=\"965d287\" data-element_type=\"widget\" data-widget_type=\"icon.default\">\n\t\t\t\t<div class=\"elementor-widget-container\">\n\t\t\t\t\t<div class=\"elementor-icon-wrapper\">\n\t\t\t<div class=\"elementor-icon\">\n\t\t\t<i aria-hidden=\"true\" class=\"icon icon-chat\"><\/i>\t\t\t<\/div>\n\t\t<\/div>\n\t\t\t\t<\/div>\n\t\t\t\t<\/div>\n\t\t\t\t<div class=\"elementor-element elementor-element-02c452a elementor-widget elementor-widget-wpforms\" data-id=\"02c452a\" data-element_type=\"widget\" data-widget_type=\"wpforms.default\">\n\t\t\t\t<div class=\"elementor-widget-container\">\n\t\t\t<div class=\"wpforms-container wpforms-container-full\" id=\"wpforms-48\"><form id=\"wpforms-form-48\" class=\"wpforms-validate wpforms-form\" data-formid=\"48\" method=\"post\" enctype=\"multipart\/form-data\" action=\"\/index.php?rest_route=%2Fwp%2Fv2%2Fpages%2F208\" data-token=\"7b9cdbb53820b40e5f43ee8f3404ace7\"><noscript class=\"wpforms-error-noscript\">Veuillez activer JavaScript dans votre navigateur pour remplir ce formulaire.<\/noscript><div class=\"wpforms-field-container\"><div id=\"wpforms-48-field_0-container\" class=\"wpforms-field wpforms-field-name wpforms-one-half wpforms-first\" data-field-id=\"0\"><label class=\"wpforms-field-label wpforms-label-hide\" for=\"wpforms-48-field_0\">Name <span class=\"wpforms-required-label\">*<\/span><\/label><input type=\"text\" id=\"wpforms-48-field_0\" class=\"wpforms-field-large wpforms-field-required\" name=\"wpforms[fields][0]\" placeholder=\"NOM Pr\u00e9nom\" required><\/div><div id=\"wpforms-48-field_3-container\" class=\"wpforms-field wpforms-field-email wpforms-one-half\" data-field-id=\"3\"><label class=\"wpforms-field-label wpforms-label-hide\" for=\"wpforms-48-field_3\">Email <span class=\"wpforms-required-label\">*<\/span><\/label><input type=\"email\" id=\"wpforms-48-field_3\" class=\"wpforms-field-large wpforms-field-required\" name=\"wpforms[fields][3]\" placeholder=\"Email\" required><\/div><div id=\"wpforms-48-field_4-container\" class=\"wpforms-field wpforms-field-text\" data-field-id=\"4\"><label class=\"wpforms-field-label wpforms-label-hide\" for=\"wpforms-48-field_4\">Subject<\/label><input type=\"text\" id=\"wpforms-48-field_4\" class=\"wpforms-field-large\" name=\"wpforms[fields][4]\" placeholder=\"Sujet\" ><\/div><div id=\"wpforms-48-field_2-container\" class=\"wpforms-field wpforms-field-textarea\" data-field-id=\"2\"><label class=\"wpforms-field-label wpforms-label-hide\" for=\"wpforms-48-field_2\">Message <span class=\"wpforms-required-label\">*<\/span><\/label><textarea id=\"wpforms-48-field_2\" class=\"wpforms-field-medium wpforms-field-required\" name=\"wpforms[fields][2]\" placeholder=\"Message\" required><\/textarea><\/div><\/div><div class=\"wpforms-submit-container\"><input type=\"hidden\" name=\"wpforms[id]\" value=\"48\"><input type=\"hidden\" name=\"wpforms[author]\" value=\"1\"><button type=\"submit\" name=\"wpforms[submit]\" id=\"wpforms-submit-48\" class=\"wpforms-submit\" data-alt-text=\"Envoie en cours\u2026\" data-submit-text=\"Envoyer le message\" aria-live=\"assertive\" value=\"wpforms-submit\">Envoyer le message<\/button><\/div><\/form><\/div>  <!-- .wpforms-container -->\t\t<\/div>\n\t\t\t\t<\/div>\n\t\t\t\t\t\t<\/div>\n\t\t\t\t\t<\/div>\n\t\t<\/div>\n\t\t\t\t\t\t\t\t<\/div>\n\t\t\t\t\t<\/div>\n\t\t<\/section>\n\t\t\t\t<section class=\"elementor-section elementor-top-section elementor-element elementor-element-77e1f09c elementor-section-content-middle elementor-section-boxed elementor-section-height-default elementor-section-height-default\" data-id=\"77e1f09c\" data-element_type=\"section\" data-settings=\"{&quot;background_background&quot;:&quot;classic&quot;}\">\n\t\t\t\t\t\t<div class=\"elementor-container elementor-column-gap-default\">\n\t\t\t\t\t\t\t<div class=\"elementor-row\">\n\t\t\t\t\t<div class=\"elementor-column elementor-col-33 elementor-top-column elementor-element elementor-element-1d1ffe89\" data-id=\"1d1ffe89\" data-element_type=\"column\">\n\t\t\t<div class=\"elementor-column-wrap elementor-element-populated\">\n\t\t\t\t\t\t\t<div class=\"elementor-widget-wrap\">\n\t\t\t\t\t\t<div class=\"elementor-element elementor-element-394dfa7b elementor-widget elementor-widget-image\" data-id=\"394dfa7b\" data-element_type=\"widget\" data-widget_type=\"image.default\">\n\t\t\t\t<div class=\"elementor-widget-container\">\n\t\t\t\t\t\t\t\t<div class=\"elementor-image\">\n\t\t\t\t\t\t\t\t\t\t\t\t\t<a href=\"https:\/\/elementskit.xpeedstudio.com\/\">\n\t\t\t\t\t\t\t<img loading=\"lazy\" decoding=\"async\" width=\"399\" height=\"116\" src=\"https:\/\/osteopathe-lievin.fr\/wp-content\/uploads\/2021\/01\/Remi_Amedro.png\" class=\"attachment-full size-full\" alt=\"\" srcset=\"https:\/\/osteopathe-lievin.fr\/wp-content\/uploads\/2021\/01\/Remi_Amedro.png 399w, https:\/\/osteopathe-lievin.fr\/wp-content\/uploads\/2021\/01\/Remi_Amedro-300x87.png 300w\" sizes=\"auto, (max-width: 399px) 100vw, 399px\" \/>\t\t\t\t\t\t\t\t<\/a>\n\t\t\t\t\t\t\t\t\t\t\t\t\t\t<\/div>\n\t\t\t\t\t\t<\/div>\n\t\t\t\t<\/div>\n\t\t\t\t\t\t<\/div>\n\t\t\t\t\t<\/div>\n\t\t<\/div>\n\t\t\t\t<div class=\"elementor-column elementor-col-33 elementor-top-column elementor-element elementor-element-177c14f9\" data-id=\"177c14f9\" data-element_type=\"column\">\n\t\t\t<div class=\"elementor-column-wrap elementor-element-populated\">\n\t\t\t\t\t\t\t<div class=\"elementor-widget-wrap\">\n\t\t\t\t\t\t<div class=\"elementor-element elementor-element-3016d36a elementor-widget elementor-widget-text-editor\" data-id=\"3016d36a\" data-element_type=\"widget\" data-widget_type=\"text-editor.default\">\n\t\t\t\t<div class=\"elementor-widget-container\">\n\t\t\t\t\t\t\t\t<div class=\"elementor-text-editor elementor-clearfix\">\n\t\t\t\t\u00a9 2021 <strong><span style=\"color: #13837E;\">R\u00e9mi Am\u00e9dro Ost\u00e9opathe.<\/span><\/strong> Tous droits r\u00e9serv\u00e9s.\t\t\t\t\t<\/div>\n\t\t\t\t\t\t<\/div>\n\t\t\t\t<\/div>\n\t\t\t\t\t\t<\/div>\n\t\t\t\t\t<\/div>\n\t\t<\/div>\n\t\t\t\t<div class=\"elementor-column elementor-col-33 elementor-top-column elementor-element elementor-element-1727db04\" data-id=\"1727db04\" data-element_type=\"column\">\n\t\t\t<div class=\"elementor-column-wrap elementor-element-populated\">\n\t\t\t\t\t\t\t<div class=\"elementor-widget-wrap\">\n\t\t\t\t\t\t<div class=\"elementor-element elementor-element-5ae04131 elementor-widget elementor-widget-ucaddon_icon_pointer_button\" data-id=\"5ae04131\" data-element_type=\"widget\" data-widget_type=\"ucaddon_icon_pointer_button.default\">\n\t\t\t\t<div class=\"elementor-widget-container\">\n\t\t\t<!-- start Icon Pointer Button -->\n\t\t<link id='font-awesome-css' href='https:\/\/osteopathe-lievin.fr\/wp-content\/plugins\/unlimited-elements-for-elementor\/assets_libraries\/font-awesome5\/css\/fontawesome-all.min.css' type='text\/css' rel='stylesheet' >\n\t\t<link id='font-awesome-4-shim-css' href='https:\/\/osteopathe-lievin.fr\/wp-content\/plugins\/unlimited-elements-for-elementor\/assets_libraries\/font-awesome5\/css\/fontawesome-v4-shims.css' type='text\/css' rel='stylesheet' >\n\n\t\t\t<style type=\"text\/css\">\/* widget: Icon Pointer Button *\/\n\n#uc_icon_pointer_button_elementor12275 *{\n\tmargin:0;\n\tbox-sizing: border-box;\n}\n\n#uc_icon_pointer_button_elementor12275 \n{\n  text-align:center;\n}\n\n#uc_icon_pointer_button_elementor12275 .icon_pointer_button_holder\n{\n  display:inline-block;\n}\n\n#uc_icon_pointer_button_elementor12275 a {\n\n\tdisplay: flex;\n\tposition: relative;\n\ttransition: all 0.3s;\n    text-decoration:none;\n    overflow:hidden;\n}\n\n#uc_icon_pointer_button_elementor12275 .icon_pointer_button_icon\n{\n  display:flex;\n  align-items:center;\n  justify-content:center;\n  position:relative;\n  transition: all 0.3s;\n}\n\n#uc_icon_pointer_button_elementor12275 .icon_pointer_button_text\n{\n  flex-grow: 1;\n  text-align:center;\n}\n\n\n\t\n#uc_icon_pointer_button_elementor12275 .icon_pointer_button_icon::after {\n\tcontent: \"\";\n\tright: 0px;\n\ttop: 50%;\n    clip-path: polygon(100% 50%, 0 0, 0 100%);\n    position:absolute;\n    transform: translateX(98%) translateY(-50%);\n    transition: all 0.3s;\n    \n}  \n\n#uc_icon_pointer_button_elementor12275 .icon_pointer_button_icon_holder\n{\n  transition: all 0.3s;\n  display:block;\n  line-height:1em;\n  background-color:transparent;\n\n}\n\n<\/style>\n\n\t\t\t<div class=\"icon_pointer_button\" id=\"uc_icon_pointer_button_elementor12275\">\n  \t<div class=\"icon_pointer_button_holder\">\n    <a href=\"https:\/\/www.doctolib.fr\/osteopathe\/lievin\/remi-amedro\" >\n       <span class=\"icon_pointer_button_icon\">\n         <span class=\"icon_pointer_button_icon_holder\"><i class=\"fas fa-mouse-pointer\" aria-hidden=\"true\"><\/i><\/span>\n       <\/span>\n       <span class=\"icon_pointer_button_space\"><\/span>\n       <span class=\"icon_pointer_button_text\">Doctolib.fr<\/span>          \n    <\/a>\n    <\/div>\n<\/div>\n\t\t\t<!-- end Icon Pointer Button -->\t\t<\/div>\n\t\t\t\t<\/div>\n\t\t\t\t\t\t<\/div>\n\t\t\t\t\t<\/div>\n\t\t<\/div>\n\t\t\t\t\t\t\t\t<\/div>\n\t\t\t\t\t<\/div>\n\t\t<\/section>\n\t\t\t\t\t\t\t\t\t<\/div>\n\t\t\t<\/div>\n\t\t\t\t\t<\/div>\n\t\t","protected":false},"excerpt":{"rendered":"<p>Contact T\u00e9l\u00e9phone 06 74 64 69 73 Adresse 30 Rue Faidherbe 62800 Li\u00e9vin E-mail remi.amedro.osteo@gmail.com Formulaire de contact \u00a9 2021 R\u00e9mi Am\u00e9dro Ost\u00e9opathe. Tous droits r\u00e9serv\u00e9s. Doctolib.fr<\/p>\n","protected":false},"author":1,"featured_media":0,"parent":0,"menu_order":15,"comment_status":"closed","ping_status":"closed","template":"","meta":{"_themeisle_gutenberg_block_has_review":false,"footnotes":""},"class_list":["post-208","page","type-page","status-publish","hentry"],"yoast_head":"<!-- This site is optimized with the Yoast SEO plugin v19.9 - https:\/\/yoast.com\/wordpress\/plugins\/seo\/ -->\n<title>Contact - R\u00e9mi Am\u00e9dro |\u00a0Ost\u00e9opathe \u00e0 Li\u00e9vin<\/title>\n<meta name=\"robots\" content=\"index, follow, max-snippet:-1, max-image-preview:large, max-video-preview:-1\" \/>\n<link rel=\"canonical\" href=\"https:\/\/osteopathe-lievin.fr\/?page_id=208\" \/>\n<meta property=\"og:locale\" content=\"fr_FR\" \/>\n<meta property=\"og:type\" content=\"article\" \/>\n<meta property=\"og:title\" content=\"Contact - R\u00e9mi Am\u00e9dro |\u00a0Ost\u00e9opathe \u00e0 Li\u00e9vin\" \/>\n<meta property=\"og:description\" content=\"Contact T\u00e9l\u00e9phone 06 74 64 69 73 Adresse 30 Rue Faidherbe 62800 Li\u00e9vin E-mail remi.amedro.osteo@gmail.com Formulaire de contact \u00a9 2021 R\u00e9mi Am\u00e9dro Ost\u00e9opathe. Tous droits r\u00e9serv\u00e9s. Doctolib.fr\" \/>\n<meta property=\"og:url\" content=\"https:\/\/osteopathe-lievin.fr\/?page_id=208\" \/>\n<meta property=\"og:site_name\" content=\"R\u00e9mi Am\u00e9dro |\u00a0Ost\u00e9opathe \u00e0 Li\u00e9vin\" \/>\n<meta property=\"article:modified_time\" content=\"2021-01-17T10:13:06+00:00\" \/>\n<meta property=\"og:image\" content=\"https:\/\/osteopathe-lievin.fr\/wp-content\/uploads\/2021\/01\/Remi_Amedro.png\" \/>\n<meta name=\"twitter:card\" content=\"summary_large_image\" \/>\n<meta name=\"twitter:label1\" content=\"Dur\u00e9e de lecture estim\u00e9e\" \/>\n\t<meta name=\"twitter:data1\" content=\"1 minute\" \/>\n<script type=\"application\/ld+json\" class=\"yoast-schema-graph\">{\"@context\":\"https:\/\/schema.org\",\"@graph\":[{\"@type\":\"WebPage\",\"@id\":\"https:\/\/osteopathe-lievin.fr\/?page_id=208\",\"url\":\"https:\/\/osteopathe-lievin.fr\/?page_id=208\",\"name\":\"Contact - R\u00e9mi Am\u00e9dro |\u00a0Ost\u00e9opathe \u00e0 Li\u00e9vin\",\"isPartOf\":{\"@id\":\"https:\/\/osteopathe-lievin.fr\/#website\"},\"datePublished\":\"2021-01-17T10:02:12+00:00\",\"dateModified\":\"2021-01-17T10:13:06+00:00\",\"breadcrumb\":{\"@id\":\"https:\/\/osteopathe-lievin.fr\/?page_id=208#breadcrumb\"},\"inLanguage\":\"fr-FR\",\"potentialAction\":[{\"@type\":\"ReadAction\",\"target\":[\"https:\/\/osteopathe-lievin.fr\/?page_id=208\"]}]},{\"@type\":\"BreadcrumbList\",\"@id\":\"https:\/\/osteopathe-lievin.fr\/?page_id=208#breadcrumb\",\"itemListElement\":[{\"@type\":\"ListItem\",\"position\":1,\"name\":\"Accueil\",\"item\":\"https:\/\/osteopathe-lievin.fr\/\"},{\"@type\":\"ListItem\",\"position\":2,\"name\":\"Contact\"}]},{\"@type\":\"WebSite\",\"@id\":\"https:\/\/osteopathe-lievin.fr\/#website\",\"url\":\"https:\/\/osteopathe-lievin.fr\/\",\"name\":\"R\u00e9mi Am\u00e9dro |\u00a0Ost\u00e9opathe \u00e0 Li\u00e9vin\",\"description\":\"\",\"potentialAction\":[{\"@type\":\"SearchAction\",\"target\":{\"@type\":\"EntryPoint\",\"urlTemplate\":\"https:\/\/osteopathe-lievin.fr\/?s={search_term_string}\"},\"query-input\":\"required name=search_term_string\"}],\"inLanguage\":\"fr-FR\"}]}<\/script>\n<!-- \/ Yoast SEO plugin. -->","yoast_head_json":{"title":"Contact - R\u00e9mi Am\u00e9dro |\u00a0Ost\u00e9opathe \u00e0 Li\u00e9vin","robots":{"index":"index","follow":"follow","max-snippet":"max-snippet:-1","max-image-preview":"max-image-preview:large","max-video-preview":"max-video-preview:-1"},"canonical":"https:\/\/osteopathe-lievin.fr\/?page_id=208","og_locale":"fr_FR","og_type":"article","og_title":"Contact - R\u00e9mi Am\u00e9dro |\u00a0Ost\u00e9opathe \u00e0 Li\u00e9vin","og_description":"Contact T\u00e9l\u00e9phone 06 74 64 69 73 Adresse 30 Rue Faidherbe 62800 Li\u00e9vin E-mail remi.amedro.osteo@gmail.com Formulaire de contact \u00a9 2021 R\u00e9mi Am\u00e9dro Ost\u00e9opathe. Tous droits r\u00e9serv\u00e9s. Doctolib.fr","og_url":"https:\/\/osteopathe-lievin.fr\/?page_id=208","og_site_name":"R\u00e9mi Am\u00e9dro |\u00a0Ost\u00e9opathe \u00e0 Li\u00e9vin","article_modified_time":"2021-01-17T10:13:06+00:00","og_image":[{"url":"https:\/\/osteopathe-lievin.fr\/wp-content\/uploads\/2021\/01\/Remi_Amedro.png"}],"twitter_card":"summary_large_image","twitter_misc":{"Dur\u00e9e de lecture estim\u00e9e":"1 minute"},"schema":{"@context":"https:\/\/schema.org","@graph":[{"@type":"WebPage","@id":"https:\/\/osteopathe-lievin.fr\/?page_id=208","url":"https:\/\/osteopathe-lievin.fr\/?page_id=208","name":"Contact - R\u00e9mi Am\u00e9dro |\u00a0Ost\u00e9opathe \u00e0 Li\u00e9vin","isPartOf":{"@id":"https:\/\/osteopathe-lievin.fr\/#website"},"datePublished":"2021-01-17T10:02:12+00:00","dateModified":"2021-01-17T10:13:06+00:00","breadcrumb":{"@id":"https:\/\/osteopathe-lievin.fr\/?page_id=208#breadcrumb"},"inLanguage":"fr-FR","potentialAction":[{"@type":"ReadAction","target":["https:\/\/osteopathe-lievin.fr\/?page_id=208"]}]},{"@type":"BreadcrumbList","@id":"https:\/\/osteopathe-lievin.fr\/?page_id=208#breadcrumb","itemListElement":[{"@type":"ListItem","position":1,"name":"Accueil","item":"https:\/\/osteopathe-lievin.fr\/"},{"@type":"ListItem","position":2,"name":"Contact"}]},{"@type":"WebSite","@id":"https:\/\/osteopathe-lievin.fr\/#website","url":"https:\/\/osteopathe-lievin.fr\/","name":"R\u00e9mi Am\u00e9dro |\u00a0Ost\u00e9opathe \u00e0 Li\u00e9vin","description":"","potentialAction":[{"@type":"SearchAction","target":{"@type":"EntryPoint","urlTemplate":"https:\/\/osteopathe-lievin.fr\/?s={search_term_string}"},"query-input":"required name=search_term_string"}],"inLanguage":"fr-FR"}]}},"_links":{"self":[{"href":"https:\/\/osteopathe-lievin.fr\/index.php?rest_route=\/wp\/v2\/pages\/208","targetHints":{"allow":["GET"]}}],"collection":[{"href":"https:\/\/osteopathe-lievin.fr\/index.php?rest_route=\/wp\/v2\/pages"}],"about":[{"href":"https:\/\/osteopathe-lievin.fr\/index.php?rest_route=\/wp\/v2\/types\/page"}],"author":[{"embeddable":true,"href":"https:\/\/osteopathe-lievin.fr\/index.php?rest_route=\/wp\/v2\/users\/1"}],"replies":[{"embeddable":true,"href":"https:\/\/osteopathe-lievin.fr\/index.php?rest_route=%2Fwp%2Fv2%2Fcomments&post=208"}],"version-history":[{"count":7,"href":"https:\/\/osteopathe-lievin.fr\/index.php?rest_route=\/wp\/v2\/pages\/208\/revisions"}],"predecessor-version":[{"id":216,"href":"https:\/\/osteopathe-lievin.fr\/index.php?rest_route=\/wp\/v2\/pages\/208\/revisions\/216"}],"wp:attachment":[{"href":"https:\/\/osteopathe-lievin.fr\/index.php?rest_route=%2Fwp%2Fv2%2Fmedia&parent=208"}],"curies":[{"name":"wp","href":"https:\/\/api.w.org\/{rel}","templated":true}]}}