{"id":168,"date":"2021-01-16T23:23:36","date_gmt":"2021-01-16T22:23:36","guid":{"rendered":"https:\/\/osteopathe-lievin.fr\/?page_id=168"},"modified":"2021-01-17T11:13:11","modified_gmt":"2021-01-17T10:13:11","slug":"honoraires","status":"publish","type":"page","link":"https:\/\/osteopathe-lievin.fr\/?page_id=168","title":{"rendered":"Honoraires"},"content":{"rendered":"\t\t<div data-elementor-type=\"wp-page\" data-elementor-id=\"168\" class=\"elementor elementor-168\">\n\t\t\t\t\t\t<div class=\"elementor-inner\">\n\t\t\t\t<div class=\"elementor-section-wrap\">\n\t\t\t\t\t\t\t\t\t<section class=\"elementor-section elementor-top-section elementor-element elementor-element-44c95d8 elementor-section-full_width elementor-section-height-min-height elementor-section-items-top elementor-section-stretched elementor-section-height-default\" data-id=\"44c95d8\" data-element_type=\"section\" data-settings=\"{&quot;stretch_section&quot;:&quot;section-stretched&quot;,&quot;background_background&quot;:&quot;classic&quot;}\">\n\t\t\t\t\t\t\t<div class=\"elementor-background-overlay\"><\/div>\n\t\t\t\t\t\t\t<div class=\"elementor-container elementor-column-gap-default\">\n\t\t\t\t\t\t\t<div class=\"elementor-row\">\n\t\t\t\t\t<div class=\"elementor-column elementor-col-100 elementor-top-column elementor-element elementor-element-347ff2c\" data-id=\"347ff2c\" data-element_type=\"column\">\n\t\t\t<div class=\"elementor-column-wrap elementor-element-populated\">\n\t\t\t\t\t\t\t<div class=\"elementor-widget-wrap\">\n\t\t\t\t\t\t<div class=\"elementor-element elementor-element-c2a862f elementor-widget elementor-widget-heading\" data-id=\"c2a862f\" data-element_type=\"widget\" data-widget_type=\"heading.default\">\n\t\t\t\t<div class=\"elementor-widget-container\">\n\t\t\t<h2 class=\"elementor-heading-title elementor-size-xxl\">Honoraires<\/h2>\t\t<\/div>\n\t\t\t\t<\/div>\n\t\t\t\t<section class=\"elementor-section elementor-inner-section elementor-element elementor-element-fadd924 elementor-section-boxed elementor-section-height-default elementor-section-height-default\" data-id=\"fadd924\" data-element_type=\"section\">\n\t\t\t\t\t\t<div class=\"elementor-container elementor-column-gap-default\">\n\t\t\t\t\t\t\t<div class=\"elementor-row\">\n\t\t\t\t\t<div class=\"elementor-column elementor-col-33 elementor-inner-column elementor-element elementor-element-3708acf\" data-id=\"3708acf\" data-element_type=\"column\">\n\t\t\t<div class=\"elementor-column-wrap elementor-element-populated\">\n\t\t\t\t\t\t\t<div class=\"elementor-widget-wrap\">\n\t\t\t\t\t\t<div class=\"elementor-element elementor-element-b09d894 elementor-view-stacked elementor-shape-circle elementor-mobile-position-top elementor-vertical-align-top elementor-widget elementor-widget-icon-box\" data-id=\"b09d894\" data-element_type=\"widget\" data-widget_type=\"icon-box.default\">\n\t\t\t\t<div class=\"elementor-widget-container\">\n\t\t\t\t\t<div class=\"elementor-icon-box-wrapper\">\n\t\t\t\t\t\t<div class=\"elementor-icon-box-icon\">\n\t\t\t\t<span class=\"elementor-icon elementor-animation-\" >\n\t\t\t\t<i aria-hidden=\"true\" class=\"fas fa-euro-sign\"><\/i>\t\t\t\t<\/span>\n\t\t\t<\/div>\n\t\t\t\t\t\t<div class=\"elementor-icon-box-content\">\n\t\t\t\t<h3 class=\"elementor-icon-box-title\">\n\t\t\t\t\t<span  >\n\t\t\t\t\t\tTarifs\t\t\t\t\t<\/span>\n\t\t\t\t<\/h3>\n\t\t\t\t\t\t\t\t\t<p class=\"elementor-icon-box-description\">\n\t\t\t\t\t\tConsultation classique : <b>50\u20ac<\/b><br\/>\nConsultation d'urgence (\u00e0 12h30 et 18h30) : <b>60\u20ac<\/b><br\/>\nConsultation jours f\u00e9ri\u00e9s : <b>60\u20ac<\/b><br\/>\n\t\t\t\t\t<\/p>\n\t\t\t\t\t\t\t<\/div>\n\t\t<\/div>\n\t\t\t\t<\/div>\n\t\t\t\t<\/div>\n\t\t\t\t\t\t<\/div>\n\t\t\t\t\t<\/div>\n\t\t<\/div>\n\t\t\t\t<div class=\"elementor-column elementor-col-33 elementor-inner-column elementor-element elementor-element-bcb7e22\" data-id=\"bcb7e22\" data-element_type=\"column\">\n\t\t\t<div class=\"elementor-column-wrap elementor-element-populated\">\n\t\t\t\t\t\t\t<div class=\"elementor-widget-wrap\">\n\t\t\t\t\t\t<div class=\"elementor-element elementor-element-4151d06 elementor-view-stacked elementor-shape-circle elementor-mobile-position-top elementor-vertical-align-top elementor-widget elementor-widget-icon-box\" data-id=\"4151d06\" data-element_type=\"widget\" data-widget_type=\"icon-box.default\">\n\t\t\t\t<div class=\"elementor-widget-container\">\n\t\t\t\t\t<div class=\"elementor-icon-box-wrapper\">\n\t\t\t\t\t\t<div class=\"elementor-icon-box-icon\">\n\t\t\t\t<span class=\"elementor-icon elementor-animation-\" >\n\t\t\t\t<i aria-hidden=\"true\" class=\"icon icon-money-bag2\"><\/i>\t\t\t\t<\/span>\n\t\t\t<\/div>\n\t\t\t\t\t\t<div class=\"elementor-icon-box-content\">\n\t\t\t\t<h3 class=\"elementor-icon-box-title\">\n\t\t\t\t\t<span  >\n\t\t\t\t\t\tMoyens de paiements\t\t\t\t\t<\/span>\n\t\t\t\t<\/h3>\n\t\t\t\t\t\t\t\t\t<p class=\"elementor-icon-box-description\">\n\t\t\t\t\t\tEsp\u00e8ces<br\/>\nCh\u00e8que<br\/>\nCarte bancaire<br\/>\n\t\t\t\t\t<\/p>\n\t\t\t\t\t\t\t<\/div>\n\t\t<\/div>\n\t\t\t\t<\/div>\n\t\t\t\t<\/div>\n\t\t\t\t\t\t<\/div>\n\t\t\t\t\t<\/div>\n\t\t<\/div>\n\t\t\t\t<div class=\"elementor-column elementor-col-33 elementor-inner-column elementor-element elementor-element-2b484fc\" data-id=\"2b484fc\" data-element_type=\"column\">\n\t\t\t<div class=\"elementor-column-wrap elementor-element-populated\">\n\t\t\t\t\t\t\t<div class=\"elementor-widget-wrap\">\n\t\t\t\t\t\t<div class=\"elementor-element elementor-element-f290c2c elementor-view-stacked elementor-shape-circle elementor-mobile-position-top elementor-vertical-align-top elementor-widget elementor-widget-icon-box\" data-id=\"f290c2c\" data-element_type=\"widget\" data-widget_type=\"icon-box.default\">\n\t\t\t\t<div class=\"elementor-widget-container\">\n\t\t\t\t\t<div class=\"elementor-icon-box-wrapper\">\n\t\t\t\t\t\t<div class=\"elementor-icon-box-icon\">\n\t\t\t\t<span class=\"elementor-icon elementor-animation-\" >\n\t\t\t\t<i aria-hidden=\"true\" class=\"far fa-sticky-note\"><\/i>\t\t\t\t<\/span>\n\t\t\t<\/div>\n\t\t\t\t\t\t<div class=\"elementor-icon-box-content\">\n\t\t\t\t<h3 class=\"elementor-icon-box-title\">\n\t\t\t\t\t<span  >\n\t\t\t\t\t\tRemboursement\t\t\t\t\t<\/span>\n\t\t\t\t<\/h3>\n\t\t\t\t\t\t\t\t\t<p class=\"elementor-icon-box-description\">\n\t\t\t\t\t\tLa s\u00e9curit\u00e9 sociale ne prend pas en charge les s\u00e9ances d'ost\u00e9opathie. Veuillez vous rapprocher de votre mutuelle pour savoir si elle peut vous rembourser.\n\t\t\t\t\t<\/p>\n\t\t\t\t\t\t\t<\/div>\n\t\t<\/div>\n\t\t\t\t<\/div>\n\t\t\t\t<\/div>\n\t\t\t\t<div class=\"elementor-element elementor-element-f0d6163 elementor-align-center elementor-widget elementor-widget-button\" data-id=\"f0d6163\" data-element_type=\"widget\" data-widget_type=\"button.default\">\n\t\t\t\t<div class=\"elementor-widget-container\">\n\t\t\t\t\t<div class=\"elementor-button-wrapper\">\n\t\t\t<a href=\"https:\/\/www.osteopathie.org\/mutuelles.html\" class=\"elementor-button-link elementor-button elementor-size-md\" role=\"button\">\n\t\t\t\t\t\t<span class=\"elementor-button-content-wrapper\">\n\t\t\t\t\t\t\t<span class=\"elementor-button-icon elementor-align-icon-left\">\n\t\t\t\t<i aria-hidden=\"true\" class=\"icon icon-chevron-right-circle\"><\/i>\t\t\t<\/span>\n\t\t\t\t\t\t<span class=\"elementor-button-text\">Les mutuelles qui remboursent<\/span>\n\t\t<\/span>\n\t\t\t\t\t<\/a>\n\t\t<\/div>\n\t\t\t\t<\/div>\n\t\t\t\t<\/div>\n\t\t\t\t\t\t<\/div>\n\t\t\t\t\t<\/div>\n\t\t<\/div>\n\t\t\t\t\t\t\t\t<\/div>\n\t\t\t\t\t<\/div>\n\t\t<\/section>\n\t\t\t\t\t\t<\/div>\n\t\t\t\t\t<\/div>\n\t\t<\/div>\n\t\t\t\t\t\t\t\t<\/div>\n\t\t\t\t\t<\/div>\n\t\t<\/section>\n\t\t\t\t<section class=\"elementor-section elementor-top-section elementor-element elementor-element-a41febd elementor-section-content-middle elementor-section-boxed elementor-section-height-default elementor-section-height-default\" data-id=\"a41febd\" data-element_type=\"section\" data-settings=\"{&quot;background_background&quot;:&quot;classic&quot;}\">\n\t\t\t\t\t\t<div class=\"elementor-container elementor-column-gap-default\">\n\t\t\t\t\t\t\t<div class=\"elementor-row\">\n\t\t\t\t\t<div class=\"elementor-column elementor-col-33 elementor-top-column elementor-element elementor-element-1073c009\" data-id=\"1073c009\" data-element_type=\"column\">\n\t\t\t<div class=\"elementor-column-wrap elementor-element-populated\">\n\t\t\t\t\t\t\t<div class=\"elementor-widget-wrap\">\n\t\t\t\t\t\t<div class=\"elementor-element elementor-element-31e4c064 elementor-widget elementor-widget-image\" data-id=\"31e4c064\" data-element_type=\"widget\" data-widget_type=\"image.default\">\n\t\t\t\t<div class=\"elementor-widget-container\">\n\t\t\t\t\t\t\t\t<div class=\"elementor-image\">\n\t\t\t\t\t\t\t\t\t\t\t\t\t<a href=\"https:\/\/elementskit.xpeedstudio.com\/\">\n\t\t\t\t\t\t\t<img loading=\"lazy\" decoding=\"async\" width=\"399\" height=\"116\" src=\"https:\/\/osteopathe-lievin.fr\/wp-content\/uploads\/2021\/01\/Remi_Amedro.png\" class=\"attachment-full size-full\" alt=\"\" srcset=\"https:\/\/osteopathe-lievin.fr\/wp-content\/uploads\/2021\/01\/Remi_Amedro.png 399w, https:\/\/osteopathe-lievin.fr\/wp-content\/uploads\/2021\/01\/Remi_Amedro-300x87.png 300w\" sizes=\"auto, (max-width: 399px) 100vw, 399px\" \/>\t\t\t\t\t\t\t\t<\/a>\n\t\t\t\t\t\t\t\t\t\t\t\t\t\t<\/div>\n\t\t\t\t\t\t<\/div>\n\t\t\t\t<\/div>\n\t\t\t\t\t\t<\/div>\n\t\t\t\t\t<\/div>\n\t\t<\/div>\n\t\t\t\t<div class=\"elementor-column elementor-col-33 elementor-top-column elementor-element elementor-element-2dbf73f1\" data-id=\"2dbf73f1\" data-element_type=\"column\">\n\t\t\t<div class=\"elementor-column-wrap elementor-element-populated\">\n\t\t\t\t\t\t\t<div class=\"elementor-widget-wrap\">\n\t\t\t\t\t\t<div class=\"elementor-element elementor-element-19cd3571 elementor-widget elementor-widget-text-editor\" data-id=\"19cd3571\" data-element_type=\"widget\" data-widget_type=\"text-editor.default\">\n\t\t\t\t<div class=\"elementor-widget-container\">\n\t\t\t\t\t\t\t\t<div class=\"elementor-text-editor elementor-clearfix\">\n\t\t\t\t\u00a9 2021 <strong><span style=\"color: #13837E;\">R\u00e9mi Am\u00e9dro Ost\u00e9opathe.<\/span><\/strong> Tous droits r\u00e9serv\u00e9s.\t\t\t\t\t<\/div>\n\t\t\t\t\t\t<\/div>\n\t\t\t\t<\/div>\n\t\t\t\t\t\t<\/div>\n\t\t\t\t\t<\/div>\n\t\t<\/div>\n\t\t\t\t<div class=\"elementor-column elementor-col-33 elementor-top-column elementor-element elementor-element-1c23e7e5\" data-id=\"1c23e7e5\" data-element_type=\"column\">\n\t\t\t<div class=\"elementor-column-wrap elementor-element-populated\">\n\t\t\t\t\t\t\t<div class=\"elementor-widget-wrap\">\n\t\t\t\t\t\t<div class=\"elementor-element elementor-element-22322b31 elementor-widget elementor-widget-ucaddon_icon_pointer_button\" data-id=\"22322b31\" data-element_type=\"widget\" data-widget_type=\"ucaddon_icon_pointer_button.default\">\n\t\t\t\t<div class=\"elementor-widget-container\">\n\t\t\t<!-- start Icon Pointer Button -->\n\t\t<link id='font-awesome-css' href='https:\/\/osteopathe-lievin.fr\/wp-content\/plugins\/unlimited-elements-for-elementor\/assets_libraries\/font-awesome5\/css\/fontawesome-all.min.css' type='text\/css' rel='stylesheet' >\n\t\t<link id='font-awesome-4-shim-css' href='https:\/\/osteopathe-lievin.fr\/wp-content\/plugins\/unlimited-elements-for-elementor\/assets_libraries\/font-awesome5\/css\/fontawesome-v4-shims.css' type='text\/css' rel='stylesheet' >\n\n\t\t\t<style type=\"text\/css\">\/* widget: Icon Pointer Button *\/\n\n#uc_icon_pointer_button_elementor18045 *{\n\tmargin:0;\n\tbox-sizing: border-box;\n}\n\n#uc_icon_pointer_button_elementor18045 \n{\n  text-align:center;\n}\n\n#uc_icon_pointer_button_elementor18045 .icon_pointer_button_holder\n{\n  display:inline-block;\n}\n\n#uc_icon_pointer_button_elementor18045 a {\n\n\tdisplay: flex;\n\tposition: relative;\n\ttransition: all 0.3s;\n    text-decoration:none;\n    overflow:hidden;\n}\n\n#uc_icon_pointer_button_elementor18045 .icon_pointer_button_icon\n{\n  display:flex;\n  align-items:center;\n  justify-content:center;\n  position:relative;\n  transition: all 0.3s;\n}\n\n#uc_icon_pointer_button_elementor18045 .icon_pointer_button_text\n{\n  flex-grow: 1;\n  text-align:center;\n}\n\n\n\t\n#uc_icon_pointer_button_elementor18045 .icon_pointer_button_icon::after {\n\tcontent: \"\";\n\tright: 0px;\n\ttop: 50%;\n    clip-path: polygon(100% 50%, 0 0, 0 100%);\n    position:absolute;\n    transform: translateX(98%) translateY(-50%);\n    transition: all 0.3s;\n    \n}  \n\n#uc_icon_pointer_button_elementor18045 .icon_pointer_button_icon_holder\n{\n  transition: all 0.3s;\n  display:block;\n  line-height:1em;\n  background-color:transparent;\n\n}\n\n<\/style>\n\n\t\t\t<div class=\"icon_pointer_button\" id=\"uc_icon_pointer_button_elementor18045\">\n  \t<div class=\"icon_pointer_button_holder\">\n    <a href=\"https:\/\/www.doctolib.fr\/osteopathe\/lievin\/remi-amedro\" >\n       <span class=\"icon_pointer_button_icon\">\n         <span class=\"icon_pointer_button_icon_holder\"><i class=\"fas fa-mouse-pointer\" aria-hidden=\"true\"><\/i><\/span>\n       <\/span>\n       <span class=\"icon_pointer_button_space\"><\/span>\n       <span class=\"icon_pointer_button_text\">Doctolib.fr<\/span>          \n    <\/a>\n    <\/div>\n<\/div>\n\t\t\t<!-- end Icon Pointer Button -->\t\t<\/div>\n\t\t\t\t<\/div>\n\t\t\t\t\t\t<\/div>\n\t\t\t\t\t<\/div>\n\t\t<\/div>\n\t\t\t\t\t\t\t\t<\/div>\n\t\t\t\t\t<\/div>\n\t\t<\/section>\n\t\t\t\t\t\t\t\t\t<\/div>\n\t\t\t<\/div>\n\t\t\t\t\t<\/div>\n\t\t","protected":false},"excerpt":{"rendered":"<p>Honoraires Tarifs Consultation classique : 50\u20ac Consultation d&rsquo;urgence (\u00e0 12h30 et 18h30) : 60\u20ac Consultation jours f\u00e9ri\u00e9s : 60\u20ac Moyens de paiements Esp\u00e8ces Ch\u00e8que Carte bancaire Remboursement La s\u00e9curit\u00e9 sociale ne prend pas en charge les s\u00e9ances d&rsquo;ost\u00e9opathie. Veuillez vous rapprocher de votre mutuelle pour savoir si elle peut vous rembourser. Les mutuelles qui remboursent [&hellip;]<\/p>\n","protected":false},"author":1,"featured_media":0,"parent":0,"menu_order":14,"comment_status":"closed","ping_status":"closed","template":"","meta":{"_themeisle_gutenberg_block_has_review":false,"footnotes":""},"class_list":["post-168","page","type-page","status-publish","hentry"],"yoast_head":"<!-- This site is optimized with the Yoast SEO plugin v19.9 - https:\/\/yoast.com\/wordpress\/plugins\/seo\/ -->\n<title>Honoraires - R\u00e9mi Am\u00e9dro |\u00a0Ost\u00e9opathe \u00e0 Li\u00e9vin<\/title>\n<meta name=\"robots\" content=\"index, follow, max-snippet:-1, max-image-preview:large, max-video-preview:-1\" \/>\n<link rel=\"canonical\" href=\"https:\/\/osteopathe-lievin.fr\/?page_id=168\" \/>\n<meta property=\"og:locale\" content=\"fr_FR\" \/>\n<meta property=\"og:type\" content=\"article\" \/>\n<meta property=\"og:title\" content=\"Honoraires - R\u00e9mi Am\u00e9dro |\u00a0Ost\u00e9opathe \u00e0 Li\u00e9vin\" \/>\n<meta property=\"og:description\" content=\"Honoraires Tarifs Consultation classique : 50\u20ac Consultation d&rsquo;urgence (\u00e0 12h30 et 18h30) : 60\u20ac Consultation jours f\u00e9ri\u00e9s : 60\u20ac Moyens de paiements Esp\u00e8ces Ch\u00e8que Carte bancaire Remboursement La s\u00e9curit\u00e9 sociale ne prend pas en charge les s\u00e9ances d&rsquo;ost\u00e9opathie. Veuillez vous rapprocher de votre mutuelle pour savoir si elle peut vous rembourser. Les mutuelles qui remboursent [&hellip;]\" \/>\n<meta property=\"og:url\" content=\"https:\/\/osteopathe-lievin.fr\/?page_id=168\" \/>\n<meta property=\"og:site_name\" content=\"R\u00e9mi Am\u00e9dro |\u00a0Ost\u00e9opathe \u00e0 Li\u00e9vin\" \/>\n<meta property=\"article:modified_time\" content=\"2021-01-17T10:13:11+00:00\" \/>\n<meta property=\"og:image\" content=\"https:\/\/osteopathe-lievin.fr\/wp-content\/uploads\/2021\/01\/Remi_Amedro.png\" \/>\n<meta name=\"twitter:card\" content=\"summary_large_image\" \/>\n<meta name=\"twitter:label1\" content=\"Dur\u00e9e de lecture estim\u00e9e\" \/>\n\t<meta name=\"twitter:data1\" content=\"1 minute\" \/>\n<script type=\"application\/ld+json\" class=\"yoast-schema-graph\">{\"@context\":\"https:\/\/schema.org\",\"@graph\":[{\"@type\":\"WebPage\",\"@id\":\"https:\/\/osteopathe-lievin.fr\/?page_id=168\",\"url\":\"https:\/\/osteopathe-lievin.fr\/?page_id=168\",\"name\":\"Honoraires - R\u00e9mi Am\u00e9dro |\u00a0Ost\u00e9opathe \u00e0 Li\u00e9vin\",\"isPartOf\":{\"@id\":\"https:\/\/osteopathe-lievin.fr\/#website\"},\"datePublished\":\"2021-01-16T22:23:36+00:00\",\"dateModified\":\"2021-01-17T10:13:11+00:00\",\"breadcrumb\":{\"@id\":\"https:\/\/osteopathe-lievin.fr\/?page_id=168#breadcrumb\"},\"inLanguage\":\"fr-FR\",\"potentialAction\":[{\"@type\":\"ReadAction\",\"target\":[\"https:\/\/osteopathe-lievin.fr\/?page_id=168\"]}]},{\"@type\":\"BreadcrumbList\",\"@id\":\"https:\/\/osteopathe-lievin.fr\/?page_id=168#breadcrumb\",\"itemListElement\":[{\"@type\":\"ListItem\",\"position\":1,\"name\":\"Accueil\",\"item\":\"https:\/\/osteopathe-lievin.fr\/\"},{\"@type\":\"ListItem\",\"position\":2,\"name\":\"Honoraires\"}]},{\"@type\":\"WebSite\",\"@id\":\"https:\/\/osteopathe-lievin.fr\/#website\",\"url\":\"https:\/\/osteopathe-lievin.fr\/\",\"name\":\"R\u00e9mi Am\u00e9dro |\u00a0Ost\u00e9opathe \u00e0 Li\u00e9vin\",\"description\":\"\",\"potentialAction\":[{\"@type\":\"SearchAction\",\"target\":{\"@type\":\"EntryPoint\",\"urlTemplate\":\"https:\/\/osteopathe-lievin.fr\/?s={search_term_string}\"},\"query-input\":\"required name=search_term_string\"}],\"inLanguage\":\"fr-FR\"}]}<\/script>\n<!-- \/ Yoast SEO plugin. -->","yoast_head_json":{"title":"Honoraires - R\u00e9mi Am\u00e9dro |\u00a0Ost\u00e9opathe \u00e0 Li\u00e9vin","robots":{"index":"index","follow":"follow","max-snippet":"max-snippet:-1","max-image-preview":"max-image-preview:large","max-video-preview":"max-video-preview:-1"},"canonical":"https:\/\/osteopathe-lievin.fr\/?page_id=168","og_locale":"fr_FR","og_type":"article","og_title":"Honoraires - R\u00e9mi Am\u00e9dro |\u00a0Ost\u00e9opathe \u00e0 Li\u00e9vin","og_description":"Honoraires Tarifs Consultation classique : 50\u20ac Consultation d&rsquo;urgence (\u00e0 12h30 et 18h30) : 60\u20ac Consultation jours f\u00e9ri\u00e9s : 60\u20ac Moyens de paiements Esp\u00e8ces Ch\u00e8que Carte bancaire Remboursement La s\u00e9curit\u00e9 sociale ne prend pas en charge les s\u00e9ances d&rsquo;ost\u00e9opathie. Veuillez vous rapprocher de votre mutuelle pour savoir si elle peut vous rembourser. Les mutuelles qui remboursent [&hellip;]","og_url":"https:\/\/osteopathe-lievin.fr\/?page_id=168","og_site_name":"R\u00e9mi Am\u00e9dro |\u00a0Ost\u00e9opathe \u00e0 Li\u00e9vin","article_modified_time":"2021-01-17T10:13:11+00:00","og_image":[{"url":"https:\/\/osteopathe-lievin.fr\/wp-content\/uploads\/2021\/01\/Remi_Amedro.png"}],"twitter_card":"summary_large_image","twitter_misc":{"Dur\u00e9e de lecture estim\u00e9e":"1 minute"},"schema":{"@context":"https:\/\/schema.org","@graph":[{"@type":"WebPage","@id":"https:\/\/osteopathe-lievin.fr\/?page_id=168","url":"https:\/\/osteopathe-lievin.fr\/?page_id=168","name":"Honoraires - R\u00e9mi Am\u00e9dro |\u00a0Ost\u00e9opathe \u00e0 Li\u00e9vin","isPartOf":{"@id":"https:\/\/osteopathe-lievin.fr\/#website"},"datePublished":"2021-01-16T22:23:36+00:00","dateModified":"2021-01-17T10:13:11+00:00","breadcrumb":{"@id":"https:\/\/osteopathe-lievin.fr\/?page_id=168#breadcrumb"},"inLanguage":"fr-FR","potentialAction":[{"@type":"ReadAction","target":["https:\/\/osteopathe-lievin.fr\/?page_id=168"]}]},{"@type":"BreadcrumbList","@id":"https:\/\/osteopathe-lievin.fr\/?page_id=168#breadcrumb","itemListElement":[{"@type":"ListItem","position":1,"name":"Accueil","item":"https:\/\/osteopathe-lievin.fr\/"},{"@type":"ListItem","position":2,"name":"Honoraires"}]},{"@type":"WebSite","@id":"https:\/\/osteopathe-lievin.fr\/#website","url":"https:\/\/osteopathe-lievin.fr\/","name":"R\u00e9mi Am\u00e9dro |\u00a0Ost\u00e9opathe \u00e0 Li\u00e9vin","description":"","potentialAction":[{"@type":"SearchAction","target":{"@type":"EntryPoint","urlTemplate":"https:\/\/osteopathe-lievin.fr\/?s={search_term_string}"},"query-input":"required name=search_term_string"}],"inLanguage":"fr-FR"}]}},"_links":{"self":[{"href":"https:\/\/osteopathe-lievin.fr\/index.php?rest_route=\/wp\/v2\/pages\/168","targetHints":{"allow":["GET"]}}],"collection":[{"href":"https:\/\/osteopathe-lievin.fr\/index.php?rest_route=\/wp\/v2\/pages"}],"about":[{"href":"https:\/\/osteopathe-lievin.fr\/index.php?rest_route=\/wp\/v2\/types\/page"}],"author":[{"embeddable":true,"href":"https:\/\/osteopathe-lievin.fr\/index.php?rest_route=\/wp\/v2\/users\/1"}],"replies":[{"embeddable":true,"href":"https:\/\/osteopathe-lievin.fr\/index.php?rest_route=%2Fwp%2Fv2%2Fcomments&post=168"}],"version-history":[{"count":9,"href":"https:\/\/osteopathe-lievin.fr\/index.php?rest_route=\/wp\/v2\/pages\/168\/revisions"}],"predecessor-version":[{"id":198,"href":"https:\/\/osteopathe-lievin.fr\/index.php?rest_route=\/wp\/v2\/pages\/168\/revisions\/198"}],"wp:attachment":[{"href":"https:\/\/osteopathe-lievin.fr\/index.php?rest_route=%2Fwp%2Fv2%2Fmedia&parent=168"}],"curies":[{"name":"wp","href":"https:\/\/api.w.org\/{rel}","templated":true}]}}